{"id":2790,"date":"2025-12-16T22:26:19","date_gmt":"2025-12-17T04:26:19","guid":{"rendered":"https:\/\/cejalawfirmtx.com\/es\/?page_id=2790"},"modified":"2026-02-10T15:05:09","modified_gmt":"2026-02-10T21:05:09","slug":"como-llegar","status":"publish","type":"page","link":"https:\/\/cejalawfirmtx.com\/es\/como-llegar\/","title":{"rendered":"C\u00f3mo llegar a nuestras oficinas"},"content":{"rendered":"","protected":false},"excerpt":{"rendered":"","protected":false},"author":9,"featured_media":2792,"parent":0,"menu_order":26,"comment_status":"closed","ping_status":"closed","template":"templates\/page-flexible-content.php","meta":{"_acf_changed":false,"inline_featured_image":false,"footnotes":""},"class_list":["post-2790","page","type-page","status-publish","has-post-thumbnail","hentry","como-llegar-a-nuestras-oficinas"],"acf":{"page_sections":{"0":{"acf_fc_layout":"columns","section_id":"","section_classes":"page-hero pa-hero","section_padding":["top","bottom"],"section_width":"pull-right","section_bg_color":"main-500","section_bg_attachment":"","section_bg_style":"","section_bg_overlay":"","columns":[{"column_width":"col-lg-7","column_align":"","column_classes":"pa-hero__content page-hero__content padding-section-top padding-section-bottom","column_blocks":[{"acf_fc_layout":"headline","headline_overline":{"text":"Abogados Ceja","color":"","tag":"span"},"headline_title":{"text":"C\u00f3mo llegar a nuestras oficinas","color":"","tag":"h1"},"headline_show_button":false,"headline_button":{"headline_button_text":"","headline_button_type":false,"headline_button_page_url":null,"headline_button_url":"","headline_button_target":"","headline_button_new_window":false}}]},{"column_width":"col-lg-5","column_align":"","column_classes":"pa-hero__decoration page-hero__decoration","column_blocks":[{"acf_fc_layout":"image","image_attachment":2792,"image_attachment_mobile":"","image_classes":""}]}]},"1":{"acf_fc_layout":"columns","section_id":"","section_classes":"","section_padding":"","section_width":"container","section_bg_color":"","section_bg_attachment":"","section_bg_style":"","section_bg_overlay":"","columns":[{"column_width":"col-lg-6","column_align":"","column_classes":"","column_blocks":[{"acf_fc_layout":"text_box","text_box_content":"<span class=\"text-heading\">2211 Norfolk St, Suite 735 (Piso 7), Houston, TX 77098<\/span>\r\n\r\n<span class=\"text-highlight\">Ruta US 59 Sur:<\/span>","text_box_columns":false},{"acf_fc_layout":"list","list_type":"numbered","list_style":"default","list_layout":"vertical","list_items":[{"icon":{"type":null,"value":null},"text":"Toma la US 59 Sur hacia Kirby."},{"icon":{"type":null,"value":null},"text":"Sal a la derecha en la salida hacia Kirby."},{"icon":{"type":null,"value":null},"text":"Avanza dos cuadras y da vuelta a la derecha en Norfolk."},{"icon":{"type":null,"value":null},"text":"Contin\u00faa aproximadamente 1\/4 de milla. El edificio de Abogado Ceja \/ Accidentes y defensa criminal estar\u00e1 a tu derecha."},{"icon":{"type":null,"value":null},"text":"La direcci\u00f3n es 2211 Norfolk, Suite 735 (S\u00e9ptimo piso)."},{"icon":{"type":null,"value":null},"text":"Puedes estacionarte en el estacionamiento techado que est\u00e1 al oeste del edificio."}]},{"acf_fc_layout":"text_box","text_box_content":"<span class=\"text-highlight\">Ruta US 59 Norte:<\/span>","text_box_columns":false},{"acf_fc_layout":"list","list_type":"numbered","list_style":"default","list_layout":"vertical","list_items":[{"icon":{"type":null,"value":null},"text":"Toma la salida hacia Kirby."},{"icon":{"type":null,"value":null},"text":"Sal a la derecha y luego da vuelta a la izquierda por debajo del freeway para incorporarte a Kirby."},{"icon":{"type":null,"value":null},"text":"Avanza dos cuadras y da vuelta a la derecha en Norfolk."},{"icon":{"type":null,"value":null},"text":"Contin\u00faa aproximadamente 1\/4 de milla. El edificio de Abogado Ceja \/ Accidentes y defensa criminal estar\u00e1 a tu derecha (ver\u00e1s el n\u00famero \u201c2211\u201d en la parte alta del edificio)."},{"icon":{"type":null,"value":null},"text":"La direcci\u00f3n es 2211 Norfolk, Suite 735 (S\u00e9ptimo piso)."},{"icon":{"type":null,"value":null},"text":"Puedes estacionarte en el estacionamiento techado que est\u00e1 al oeste del edificio."}]}]},{"column_width":"col-lg-6","column_align":"","column_classes":"","column_blocks":[{"acf_fc_layout":"text_box","text_box_content":"<iframe src=\"https:\/\/www.google.com\/maps\/embed?pb=!1m14!1m8!1m3!1d55433.12308467234!2d-95.413339!3d29.732207000000002!3m2!1i1024!2i768!4f13.1!3m3!1m2!1s0x8640c19d4d972cab%3A0xf59e5906a82bd028!2sCeja%20Law%20Firm%20PLLC!5e0!3m2!1sen!2sus!4v1766003673588!5m2!1sen!2sus\" width=\"600\" height=\"450\" style=\"border:0;\" allowfullscreen=\"\" loading=\"lazy\" referrerpolicy=\"no-referrer-when-downgrade\"><\/iframe>","text_box_columns":false},{"acf_fc_layout":"grid","grid_columns":"","grid_breakpoint":"","grid_classes":"mt-2","grid_items":[{"acf_fc_layout":"button","button_id":"","button_classes":"","button_label":"713-568-5381","button_link":{"button_link_type":"external-link","button_link_page_url":null,"button_link_url":"tel:713-568-5381","button_link_target":"","button_link_new_window":true},"button_layout":"icon-right","button_type":"primary","button_icon":{"type":"ui","value":"phone"},"id":"","classes":""},{"acf_fc_layout":"button","button_id":"","button_classes":"","button_label":"Ver en Google Maps","button_link":{"button_link_type":"external-link","button_link_page_url":null,"button_link_url":"https:\/\/maps.app.goo.gl\/FesxtjmA5hiCWB7E7","button_link_target":"","button_link_new_window":true},"button_layout":"icon-right","button_type":"secondary","button_icon":{"type":"ui","value":"pin"},"id":"","classes":""}]}]}]},"3":{"acf_fc_layout":"columns","section_id":"","section_classes":"","section_padding":"","section_width":"container","section_bg_color":"main-500","section_bg_attachment":"","section_bg_style":"","section_bg_overlay":"","columns":[{"column_width":"col-lg-7","column_align":"","column_classes":"","column_blocks":[{"acf_fc_layout":"headline","headline_overline":{"text":"Evaluamos tu caso ahora","color":"accent-500","tag":"span"},"headline_title":{"text":"\u00a1Evaluamos tu caso gratis!","color":"","tag":"h2"},"headline_show_button":false,"headline_button":{"headline_button_text":"","headline_button_type":false,"headline_button_page_url":null,"headline_button_url":"","headline_button_target":"","headline_button_new_window":false}},{"acf_fc_layout":"text_box","text_box_content":"Si enfrentas un cargo criminal o un accidente en Houston, contacta hoy con Abogado Ceja \/ Accidentes y defensa criminal en Houston, TX.\r\n\r\nCu\u00e9ntanos aqu\u00ed tu situaci\u00f3n y te contactaremos lo antes posible.\r\n\r\n[contact-form-7 id=\"ab8eadd\" title=\"Agenda una consulta\"]\r\n<ul class=\"reset-style-list contact-us-hero__contact-info mt-5\">\r\n \t<li><a href=\"tel:713-568-5381\" target=\"_blank\" rel=\"noopener\"><img class=\"style-svg\" src=\"https:\/\/cejalawfirmtx.com\/es\/wp-content\/uploads\/sites\/2\/2025\/10\/phone.svg\" \/> 713-568-5381<\/a><\/li>\r\n \t<li><a href=\"mailto:office@cejalawfirmtx.com\"><img class=\"style-svg\" src=\"https:\/\/cejalawfirmtx.com\/es\/wp-content\/uploads\/sites\/2\/2025\/10\/mail.svg\" \/> office@cejalawfirmtx.com<\/a><\/li>\r\n<\/ul>","text_box_columns":false}]},{"column_width":"col-lg-1","column_align":"","column_classes":"d-none d-lg-block","column_blocks":null},{"column_width":"col-lg-4","column_align":"bottom-center","column_classes":"","column_blocks":[{"acf_fc_layout":"image","image_attachment":2201,"image_attachment_mobile":2202,"image_classes":"mb-n5 mb-lg-n7"}]}]}},"enable_page_hero_section":false,"page_hero_headline_overline":"","page_hero_headline_title":"","page_hero_content":"","page_hero_media":{"attachement":null,"attachement_mobile":null,"is_video":false,"poster_image":null},"faq_items":null},"yoast_head":"<!-- This site is optimized with the Yoast SEO plugin v27.4 - https:\/\/yoast.com\/product\/yoast-seo-wordpress\/ -->\n<title>C\u00f3mo llegar a nuestras oficinas | Abogado Ceja<\/title>\n<meta name=\"description\" content=\"Nuestras oficinas en Houston te esperan. En Abogado Ceja \/ Accidentes y defensa criminal ofrecemos claridad y cercan\u00eda. Conoce nuestra ubicaci\u00f3n y agenda.\" \/>\n<meta name=\"robots\" content=\"index, follow, max-snippet:-1, max-image-preview:large, max-video-preview:-1\" \/>\n<link rel=\"canonical\" href=\"https:\/\/cejalawfirmtx.com\/es\/como-llegar\/\" \/>\n<meta property=\"og:locale\" content=\"es_ES\" \/>\n<meta property=\"og:type\" content=\"article\" \/>\n<meta property=\"og:title\" content=\"C\u00f3mo llegar a nuestras oficinas | Abogado Ceja\" \/>\n<meta property=\"og:description\" content=\"Nuestras oficinas en Houston te esperan. En Abogado Ceja \/ Accidentes y defensa criminal ofrecemos claridad y cercan\u00eda. Conoce nuestra ubicaci\u00f3n y agenda.\" \/>\n<meta property=\"og:url\" content=\"https:\/\/cejalawfirmtx.com\/es\/como-llegar\/\" \/>\n<meta property=\"og:site_name\" content=\"Abogado Ceja\" \/>\n<meta property=\"article:publisher\" content=\"https:\/\/www.facebook.com\/p\/Ceja-Law-Firm-PLLC-100083466575227\/\" \/>\n<meta property=\"article:modified_time\" content=\"2026-02-10T21:05:09+00:00\" \/>\n<meta property=\"og:image\" content=\"https:\/\/cejalawfirmtx.com\/es\/wp-content\/uploads\/sites\/2\/2025\/12\/ceja-law-firm-office-building-og.jpg\" \/>\n\t<meta property=\"og:image:width\" content=\"1200\" \/>\n\t<meta property=\"og:image:height\" content=\"630\" \/>\n\t<meta property=\"og:image:type\" content=\"image\/jpeg\" \/>\n<meta name=\"twitter:card\" content=\"summary_large_image\" \/>\n<script type=\"application\/ld+json\" class=\"yoast-schema-graph\">{\"@context\":\"https:\\\/\\\/schema.org\",\"@graph\":[{\"@type\":\"WebPage\",\"@id\":\"https:\\\/\\\/cejalawfirmtx.com\\\/es\\\/como-llegar\\\/\",\"url\":\"https:\\\/\\\/cejalawfirmtx.com\\\/es\\\/como-llegar\\\/\",\"name\":\"C\u00f3mo llegar a nuestras oficinas | Abogado Ceja\",\"isPartOf\":{\"@id\":\"https:\\\/\\\/cejalawfirmtx.com\\\/es\\\/#website\"},\"primaryImageOfPage\":{\"@id\":\"https:\\\/\\\/cejalawfirmtx.com\\\/es\\\/como-llegar\\\/#primaryimage\"},\"image\":{\"@id\":\"https:\\\/\\\/cejalawfirmtx.com\\\/es\\\/como-llegar\\\/#primaryimage\"},\"thumbnailUrl\":\"https:\\\/\\\/cejalawfirmtx.com\\\/es\\\/wp-content\\\/uploads\\\/sites\\\/2\\\/2025\\\/12\\\/ceja-law-firm-office-building-og.jpg\",\"datePublished\":\"2025-12-17T04:26:19+00:00\",\"dateModified\":\"2026-02-10T21:05:09+00:00\",\"description\":\"Nuestras oficinas en Houston te esperan. En Abogado Ceja \\\/ Accidentes y defensa criminal ofrecemos claridad y cercan\u00eda. Conoce nuestra ubicaci\u00f3n y agenda.\",\"breadcrumb\":{\"@id\":\"https:\\\/\\\/cejalawfirmtx.com\\\/es\\\/como-llegar\\\/#breadcrumb\"},\"inLanguage\":\"es\",\"potentialAction\":[{\"@type\":\"ReadAction\",\"target\":[\"https:\\\/\\\/cejalawfirmtx.com\\\/es\\\/como-llegar\\\/\"]}]},{\"@type\":\"ImageObject\",\"inLanguage\":\"es\",\"@id\":\"https:\\\/\\\/cejalawfirmtx.com\\\/es\\\/como-llegar\\\/#primaryimage\",\"url\":\"https:\\\/\\\/cejalawfirmtx.com\\\/es\\\/wp-content\\\/uploads\\\/sites\\\/2\\\/2025\\\/12\\\/ceja-law-firm-office-building-og.jpg\",\"contentUrl\":\"https:\\\/\\\/cejalawfirmtx.com\\\/es\\\/wp-content\\\/uploads\\\/sites\\\/2\\\/2025\\\/12\\\/ceja-law-firm-office-building-og.jpg\",\"width\":1200,\"height\":630},{\"@type\":\"BreadcrumbList\",\"@id\":\"https:\\\/\\\/cejalawfirmtx.com\\\/es\\\/como-llegar\\\/#breadcrumb\",\"itemListElement\":[{\"@type\":\"ListItem\",\"position\":1,\"name\":\"Inicio\",\"item\":\"https:\\\/\\\/cejalawfirmtx.com\\\/es\\\/\"},{\"@type\":\"ListItem\",\"position\":2,\"name\":\"C\u00f3mo llegar a nuestras oficinas\"}]},{\"@type\":\"WebSite\",\"@id\":\"https:\\\/\\\/cejalawfirmtx.com\\\/es\\\/#website\",\"url\":\"https:\\\/\\\/cejalawfirmtx.com\\\/es\\\/\",\"name\":\"Abogado Ceja\",\"description\":\"Accidentes y defensa criminal\",\"publisher\":{\"@id\":\"https:\\\/\\\/cejalawfirmtx.com\\\/es\\\/#organization\"},\"potentialAction\":[{\"@type\":\"SearchAction\",\"target\":{\"@type\":\"EntryPoint\",\"urlTemplate\":\"https:\\\/\\\/cejalawfirmtx.com\\\/es\\\/?s={search_term_string}\"},\"query-input\":{\"@type\":\"PropertyValueSpecification\",\"valueRequired\":true,\"valueName\":\"search_term_string\"}}],\"inLanguage\":\"es\"},{\"@type\":\"Organization\",\"@id\":\"https:\\\/\\\/cejalawfirmtx.com\\\/es\\\/#organization\",\"name\":\"Abogado Ceja\",\"url\":\"https:\\\/\\\/cejalawfirmtx.com\\\/es\\\/\",\"logo\":{\"@type\":\"ImageObject\",\"inLanguage\":\"es\",\"@id\":\"https:\\\/\\\/cejalawfirmtx.com\\\/es\\\/#\\\/schema\\\/logo\\\/image\\\/\",\"url\":\"https:\\\/\\\/cejalawfirmtx.com\\\/es\\\/wp-content\\\/uploads\\\/sites\\\/2\\\/2026\\\/02\\\/seo-abogado-ceja-accidentes-y-defensa-criminal-logo-512.png\",\"contentUrl\":\"https:\\\/\\\/cejalawfirmtx.com\\\/es\\\/wp-content\\\/uploads\\\/sites\\\/2\\\/2026\\\/02\\\/seo-abogado-ceja-accidentes-y-defensa-criminal-logo-512.png\",\"width\":512,\"height\":512,\"caption\":\"Abogado Ceja\"},\"image\":{\"@id\":\"https:\\\/\\\/cejalawfirmtx.com\\\/es\\\/#\\\/schema\\\/logo\\\/image\\\/\"},\"sameAs\":[\"https:\\\/\\\/www.facebook.com\\\/p\\\/Ceja-Law-Firm-PLLC-100083466575227\\\/\"]}]}<\/script>\n<!-- \/ Yoast SEO plugin. -->","yoast_head_json":{"title":"C\u00f3mo llegar a nuestras oficinas | Abogado Ceja","description":"Nuestras oficinas en Houston te esperan. En Abogado Ceja \/ Accidentes y defensa criminal ofrecemos claridad y cercan\u00eda. Conoce nuestra ubicaci\u00f3n y agenda.","robots":{"index":"index","follow":"follow","max-snippet":"max-snippet:-1","max-image-preview":"max-image-preview:large","max-video-preview":"max-video-preview:-1"},"canonical":"https:\/\/cejalawfirmtx.com\/es\/como-llegar\/","og_locale":"es_ES","og_type":"article","og_title":"C\u00f3mo llegar a nuestras oficinas | Abogado Ceja","og_description":"Nuestras oficinas en Houston te esperan. En Abogado Ceja \/ Accidentes y defensa criminal ofrecemos claridad y cercan\u00eda. Conoce nuestra ubicaci\u00f3n y agenda.","og_url":"https:\/\/cejalawfirmtx.com\/es\/como-llegar\/","og_site_name":"Abogado Ceja","article_publisher":"https:\/\/www.facebook.com\/p\/Ceja-Law-Firm-PLLC-100083466575227\/","article_modified_time":"2026-02-10T21:05:09+00:00","og_image":[{"width":1200,"height":630,"url":"https:\/\/cejalawfirmtx.com\/es\/wp-content\/uploads\/sites\/2\/2025\/12\/ceja-law-firm-office-building-og.jpg","type":"image\/jpeg"}],"twitter_card":"summary_large_image","schema":{"@context":"https:\/\/schema.org","@graph":[{"@type":"WebPage","@id":"https:\/\/cejalawfirmtx.com\/es\/como-llegar\/","url":"https:\/\/cejalawfirmtx.com\/es\/como-llegar\/","name":"C\u00f3mo llegar a nuestras oficinas | Abogado Ceja","isPartOf":{"@id":"https:\/\/cejalawfirmtx.com\/es\/#website"},"primaryImageOfPage":{"@id":"https:\/\/cejalawfirmtx.com\/es\/como-llegar\/#primaryimage"},"image":{"@id":"https:\/\/cejalawfirmtx.com\/es\/como-llegar\/#primaryimage"},"thumbnailUrl":"https:\/\/cejalawfirmtx.com\/es\/wp-content\/uploads\/sites\/2\/2025\/12\/ceja-law-firm-office-building-og.jpg","datePublished":"2025-12-17T04:26:19+00:00","dateModified":"2026-02-10T21:05:09+00:00","description":"Nuestras oficinas en Houston te esperan. En Abogado Ceja \/ Accidentes y defensa criminal ofrecemos claridad y cercan\u00eda. Conoce nuestra ubicaci\u00f3n y agenda.","breadcrumb":{"@id":"https:\/\/cejalawfirmtx.com\/es\/como-llegar\/#breadcrumb"},"inLanguage":"es","potentialAction":[{"@type":"ReadAction","target":["https:\/\/cejalawfirmtx.com\/es\/como-llegar\/"]}]},{"@type":"ImageObject","inLanguage":"es","@id":"https:\/\/cejalawfirmtx.com\/es\/como-llegar\/#primaryimage","url":"https:\/\/cejalawfirmtx.com\/es\/wp-content\/uploads\/sites\/2\/2025\/12\/ceja-law-firm-office-building-og.jpg","contentUrl":"https:\/\/cejalawfirmtx.com\/es\/wp-content\/uploads\/sites\/2\/2025\/12\/ceja-law-firm-office-building-og.jpg","width":1200,"height":630},{"@type":"BreadcrumbList","@id":"https:\/\/cejalawfirmtx.com\/es\/como-llegar\/#breadcrumb","itemListElement":[{"@type":"ListItem","position":1,"name":"Inicio","item":"https:\/\/cejalawfirmtx.com\/es\/"},{"@type":"ListItem","position":2,"name":"C\u00f3mo llegar a nuestras oficinas"}]},{"@type":"WebSite","@id":"https:\/\/cejalawfirmtx.com\/es\/#website","url":"https:\/\/cejalawfirmtx.com\/es\/","name":"Abogado Ceja","description":"Accidentes y defensa criminal","publisher":{"@id":"https:\/\/cejalawfirmtx.com\/es\/#organization"},"potentialAction":[{"@type":"SearchAction","target":{"@type":"EntryPoint","urlTemplate":"https:\/\/cejalawfirmtx.com\/es\/?s={search_term_string}"},"query-input":{"@type":"PropertyValueSpecification","valueRequired":true,"valueName":"search_term_string"}}],"inLanguage":"es"},{"@type":"Organization","@id":"https:\/\/cejalawfirmtx.com\/es\/#organization","name":"Abogado Ceja","url":"https:\/\/cejalawfirmtx.com\/es\/","logo":{"@type":"ImageObject","inLanguage":"es","@id":"https:\/\/cejalawfirmtx.com\/es\/#\/schema\/logo\/image\/","url":"https:\/\/cejalawfirmtx.com\/es\/wp-content\/uploads\/sites\/2\/2026\/02\/seo-abogado-ceja-accidentes-y-defensa-criminal-logo-512.png","contentUrl":"https:\/\/cejalawfirmtx.com\/es\/wp-content\/uploads\/sites\/2\/2026\/02\/seo-abogado-ceja-accidentes-y-defensa-criminal-logo-512.png","width":512,"height":512,"caption":"Abogado Ceja"},"image":{"@id":"https:\/\/cejalawfirmtx.com\/es\/#\/schema\/logo\/image\/"},"sameAs":["https:\/\/www.facebook.com\/p\/Ceja-Law-Firm-PLLC-100083466575227\/"]}]}},"_links":{"self":[{"href":"https:\/\/cejalawfirmtx.com\/es\/wp-json\/wp\/v2\/pages\/2790","targetHints":{"allow":["GET"]}}],"collection":[{"href":"https:\/\/cejalawfirmtx.com\/es\/wp-json\/wp\/v2\/pages"}],"about":[{"href":"https:\/\/cejalawfirmtx.com\/es\/wp-json\/wp\/v2\/types\/page"}],"author":[{"embeddable":true,"href":"https:\/\/cejalawfirmtx.com\/es\/wp-json\/wp\/v2\/users\/9"}],"replies":[{"embeddable":true,"href":"https:\/\/cejalawfirmtx.com\/es\/wp-json\/wp\/v2\/comments?post=2790"}],"version-history":[{"count":0,"href":"https:\/\/cejalawfirmtx.com\/es\/wp-json\/wp\/v2\/pages\/2790\/revisions"}],"wp:featuredmedia":[{"embeddable":true,"href":"https:\/\/cejalawfirmtx.com\/es\/wp-json\/wp\/v2\/media\/2792"}],"wp:attachment":[{"href":"https:\/\/cejalawfirmtx.com\/es\/wp-json\/wp\/v2\/media?parent=2790"}],"curies":[{"name":"wp","href":"https:\/\/api.w.org\/{rel}","templated":true}]}}